{"id":7,"date":"2023-07-28T12:49:47","date_gmt":"2023-07-28T10:49:47","guid":{"rendered":"https:\/\/peace-gmbh.com\/?page_id=7"},"modified":"2024-05-27T17:38:37","modified_gmt":"2024-05-27T15:38:37","slug":"ueber","status":"publish","type":"page","link":"https:\/\/peace-gmbh.com\/en\/ueber\/","title":{"rendered":"About us"},"content":{"rendered":"\t\t<div data-elementor-type=\"wp-page\" data-elementor-id=\"7\" class=\"elementor elementor-7\">\n\t\t\t\t\t\t<section class=\"elementor-section elementor-top-section elementor-element elementor-element-59404d8 elementor-section-boxed elementor-section-height-default elementor-section-height-default\" data-id=\"59404d8\" data-element_type=\"section\" data-e-type=\"section\">\n\t\t\t\t\t\t<div class=\"elementor-container elementor-column-gap-default\">\n\t\t\t\t\t<div class=\"elementor-column elementor-col-100 elementor-top-column elementor-element elementor-element-567b974\" data-id=\"567b974\" data-element_type=\"column\" data-e-type=\"column\">\n\t\t\t<div class=\"elementor-widget-wrap\">\n\t\t\t\t\t\t\t<\/div>\n\t\t<\/div>\n\t\t\t\t\t<\/div>\n\t\t<\/section>\n\t\t\t\t<section class=\"elementor-section elementor-top-section elementor-element elementor-element-af05759 elementor-section-boxed elementor-section-height-default elementor-section-height-default\" data-id=\"af05759\" data-element_type=\"section\" data-e-type=\"section\" data-settings=\"{&quot;background_background&quot;:&quot;slideshow&quot;,&quot;background_slideshow_gallery&quot;:[{&quot;id&quot;:962,&quot;url&quot;:&quot;https:\\\/\\\/peace-gmbh.com\\\/wp-content\\\/uploads\\\/2024\\\/05\\\/Ueber-1.jpg&quot;}],&quot;background_slideshow_loop&quot;:&quot;yes&quot;,&quot;background_slideshow_slide_duration&quot;:5000,&quot;background_slideshow_slide_transition&quot;:&quot;fade&quot;,&quot;background_slideshow_transition_duration&quot;:500}\">\n\t\t\t\t\t\t<div class=\"elementor-container elementor-column-gap-default\">\n\t\t\t\t\t<div class=\"elementor-column elementor-col-100 elementor-top-column elementor-element elementor-element-4ba608b\" data-id=\"4ba608b\" data-element_type=\"column\" data-e-type=\"column\">\n\t\t\t<div class=\"elementor-widget-wrap elementor-element-populated\">\n\t\t\t\t\t\t<div class=\"elementor-element elementor-element-ee75c34 elementor-widget elementor-widget-spacer\" data-id=\"ee75c34\" data-element_type=\"widget\" data-e-type=\"widget\" data-widget_type=\"spacer.default\">\n\t\t\t\t<div class=\"elementor-widget-container\">\n\t\t\t\t\t\t\t<div class=\"elementor-spacer\">\n\t\t\t<div class=\"elementor-spacer-inner\"><\/div>\n\t\t<\/div>\n\t\t\t\t\t\t<\/div>\n\t\t\t\t<\/div>\n\t\t\t\t\t<\/div>\n\t\t<\/div>\n\t\t\t\t\t<\/div>\n\t\t<\/section>\n\t\t\t\t<section class=\"elementor-section elementor-top-section elementor-element elementor-element-1ec78d9 elementor-section-boxed elementor-section-height-default elementor-section-height-default\" data-id=\"1ec78d9\" data-element_type=\"section\" data-e-type=\"section\" data-settings=\"{&quot;background_background&quot;:&quot;classic&quot;}\">\n\t\t\t\t\t\t<div class=\"elementor-container elementor-column-gap-custom\">\n\t\t\t\t\t<div class=\"elementor-column elementor-col-50 elementor-top-column elementor-element elementor-element-3602a0e\" data-id=\"3602a0e\" data-element_type=\"column\" data-e-type=\"column\">\n\t\t\t<div class=\"elementor-widget-wrap elementor-element-populated\">\n\t\t\t\t\t\t<div class=\"elementor-element elementor-element-cf3e87d elementor-widget elementor-widget-spacer\" data-id=\"cf3e87d\" data-element_type=\"widget\" data-e-type=\"widget\" data-widget_type=\"spacer.default\">\n\t\t\t\t<div class=\"elementor-widget-container\">\n\t\t\t\t\t\t\t<div class=\"elementor-spacer\">\n\t\t\t<div class=\"elementor-spacer-inner\"><\/div>\n\t\t<\/div>\n\t\t\t\t\t\t<\/div>\n\t\t\t\t<\/div>\n\t\t\t\t<div class=\"elementor-element elementor-element-93a65d2 elementor-widget elementor-widget-heading\" data-id=\"93a65d2\" data-element_type=\"widget\" data-e-type=\"widget\" data-widget_type=\"heading.default\">\n\t\t\t\t<div class=\"elementor-widget-container\">\n\t\t\t\t\t<h2 class=\"elementor-heading-title elementor-size-default\">Leitbild<\/h2>\t\t\t\t<\/div>\n\t\t\t\t<\/div>\n\t\t\t\t<div class=\"elementor-element elementor-element-033a89e elementor-widget elementor-widget-text-editor\" data-id=\"033a89e\" data-element_type=\"widget\" data-e-type=\"widget\" data-widget_type=\"text-editor.default\">\n\t\t\t\t<div class=\"elementor-widget-container\">\n\t\t\t\t\t\t\t\t\t<p>Die P.E.A.C.E. GmbH wurde 2023 mit dem Ziel gegr\u00fcndet, h\u00f6chst qualitative Waffen und funktionelles Zubeh\u00f6r f\u00fcr versierte Anwender anzubieten.<\/p>\n<p>Unsere gro\u00dfe Leidenschaft f\u00fcr die Jagd und das Sportschie\u00dfen dirigiert die Entwicklung unserer Produkte. All unsere Ideen und Produkte entspringen der Praxis und garantieren absolute Einsatztauglichkeit im Einklang mit ansprechendem Design.<\/p>\n<p>Durch unsere langj\u00e4hrige internationale Branchenerfahrung verf\u00fcgen wir \u00fcber das notwendige Know-how, um auch Ihre Projekte agil und professionell umzusetzen.<\/p>\n<p>Wir freuen uns darauf, in den kommenden Jahren mit Ihnen zu wachsen und Ihnen viele spannende Produkte vorstellen zu d\u00fcrfen.<\/p>\t\t\t\t\t\t\t\t<\/div>\n\t\t\t\t<\/div>\n\t\t\t\t<div class=\"elementor-element elementor-element-329b7dc elementor-widget elementor-widget-spacer\" data-id=\"329b7dc\" data-element_type=\"widget\" data-e-type=\"widget\" data-widget_type=\"spacer.default\">\n\t\t\t\t<div class=\"elementor-widget-container\">\n\t\t\t\t\t\t\t<div class=\"elementor-spacer\">\n\t\t\t<div class=\"elementor-spacer-inner\"><\/div>\n\t\t<\/div>\n\t\t\t\t\t\t<\/div>\n\t\t\t\t<\/div>\n\t\t\t\t\t<\/div>\n\t\t<\/div>\n\t\t\t\t<div class=\"elementor-column elementor-col-50 elementor-top-column elementor-element elementor-element-2a64359 elementor-hidden-tablet elementor-hidden-mobile\" data-id=\"2a64359\" data-element_type=\"column\" data-e-type=\"column\">\n\t\t\t<div class=\"elementor-widget-wrap elementor-element-populated\">\n\t\t\t\t\t\t<div class=\"elementor-element elementor-element-1d04693 elementor-widget elementor-widget-spacer\" data-id=\"1d04693\" data-element_type=\"widget\" data-e-type=\"widget\" data-widget_type=\"spacer.default\">\n\t\t\t\t<div class=\"elementor-widget-container\">\n\t\t\t\t\t\t\t<div class=\"elementor-spacer\">\n\t\t\t<div class=\"elementor-spacer-inner\"><\/div>\n\t\t<\/div>\n\t\t\t\t\t\t<\/div>\n\t\t\t\t<\/div>\n\t\t\t\t<div class=\"elementor-element elementor-element-10f8ba9 elementor-widget elementor-widget-spacer\" data-id=\"10f8ba9\" data-element_type=\"widget\" data-e-type=\"widget\" data-widget_type=\"spacer.default\">\n\t\t\t\t<div class=\"elementor-widget-container\">\n\t\t\t\t\t\t\t<div class=\"elementor-spacer\">\n\t\t\t<div class=\"elementor-spacer-inner\"><\/div>\n\t\t<\/div>\n\t\t\t\t\t\t<\/div>\n\t\t\t\t<\/div>\n\t\t\t\t\t<\/div>\n\t\t<\/div>\n\t\t\t\t\t<\/div>\n\t\t<\/section>\n\t\t\t\t<section class=\"elementor-section elementor-top-section elementor-element elementor-element-359a1d2 elementor-section-boxed elementor-section-height-default elementor-section-height-default\" data-id=\"359a1d2\" data-element_type=\"section\" data-e-type=\"section\">\n\t\t\t\t\t\t<div class=\"elementor-container elementor-column-gap-default\">\n\t\t\t\t\t<div class=\"elementor-column elementor-col-100 elementor-top-column elementor-element elementor-element-92d10c2\" data-id=\"92d10c2\" data-element_type=\"column\" data-e-type=\"column\">\n\t\t\t<div class=\"elementor-widget-wrap\">\n\t\t\t\t\t\t\t<\/div>\n\t\t<\/div>\n\t\t\t\t\t<\/div>\n\t\t<\/section>\n\t\t\t\t<\/div>\n\t\t","protected":false},"excerpt":{"rendered":"<p>Leitbild Die P.E.A.C.E. GmbH wurde 2023 mit dem Ziel gegr\u00fcndet, h\u00f6chst qualitative Waffen und funktionelles Zubeh\u00f6r f\u00fcr versierte Anwender anzubieten. Unsere gro\u00dfe Leidenschaft f\u00fcr die Jagd und das Sportschie\u00dfen dirigiert die Entwicklung unserer Produkte. All unsere Ideen und Produkte entspringen der Praxis und garantieren absolute Einsatztauglichkeit im Einklang mit ansprechendem Design. Durch unsere langj\u00e4hrige internationale&hellip;&nbsp;<a href=\"https:\/\/peace-gmbh.com\/en\/ueber\/\" rel=\"bookmark\">Read More &raquo;<span class=\"screen-reader-text\">About us<\/span><\/a><\/p>","protected":false},"author":1,"featured_media":0,"parent":0,"menu_order":0,"comment_status":"closed","ping_status":"closed","template":"","meta":{"neve_meta_sidebar":"","neve_meta_container":"","neve_meta_enable_content_width":"on","neve_meta_content_width":100,"neve_meta_title_alignment":"","neve_meta_author_avatar":"","neve_post_elements_order":"","neve_meta_disable_header":"","neve_meta_disable_footer":"","neve_meta_disable_title":"on","neve_meta_reading_time":"","footnotes":""},"class_list":["post-7","page","type-page","status-publish","hentry"],"yoast_head":"<!-- This site is optimized with the Yoast SEO plugin v27.4 - https:\/\/yoast.com\/product\/yoast-seo-wordpress\/ -->\n<title>\u00dcber uns - P. E. A. C. E. GmbH<\/title>\n<meta name=\"robots\" content=\"index, follow, max-snippet:-1, max-image-preview:large, max-video-preview:-1\" \/>\n<link rel=\"canonical\" href=\"https:\/\/peace-gmbh.com\/en\/ueber\/\" \/>\n<meta property=\"og:locale\" content=\"en_US\" \/>\n<meta property=\"og:type\" content=\"article\" \/>\n<meta property=\"og:title\" content=\"\u00dcber uns - P. E. A. C. E. GmbH\" \/>\n<meta property=\"og:description\" content=\"Leitbild Die P.E.A.C.E. GmbH wurde 2023 mit dem Ziel gegr\u00fcndet, h\u00f6chst qualitative Waffen und funktionelles Zubeh\u00f6r f\u00fcr versierte Anwender anzubieten. Unsere gro\u00dfe Leidenschaft f\u00fcr die Jagd und das Sportschie\u00dfen dirigiert die Entwicklung unserer Produkte. All unsere Ideen und Produkte entspringen der Praxis und garantieren absolute Einsatztauglichkeit im Einklang mit ansprechendem Design. Durch unsere langj\u00e4hrige internationale&hellip;&nbsp;Read More &raquo;\u00dcber uns\" \/>\n<meta property=\"og:url\" content=\"https:\/\/peace-gmbh.com\/en\/ueber\/\" \/>\n<meta property=\"og:site_name\" content=\"P. E. A. C. E. GmbH\" \/>\n<meta property=\"article:modified_time\" content=\"2024-05-27T15:38:37+00:00\" \/>\n<meta name=\"twitter:card\" content=\"summary_large_image\" \/>\n<meta name=\"twitter:label1\" content=\"Est. reading time\" \/>\n\t<meta name=\"twitter:data1\" content=\"1 minute\" \/>\n<script type=\"application\/ld+json\" class=\"yoast-schema-graph\">{\"@context\":\"https:\\\/\\\/schema.org\",\"@graph\":[{\"@type\":\"WebPage\",\"@id\":\"https:\\\/\\\/peace-gmbh.com\\\/ueber\\\/\",\"url\":\"https:\\\/\\\/peace-gmbh.com\\\/ueber\\\/\",\"name\":\"\u00dcber uns - P. E. A. C. E. GmbH\",\"isPartOf\":{\"@id\":\"https:\\\/\\\/peace-gmbh.com\\\/#website\"},\"datePublished\":\"2023-07-28T10:49:47+00:00\",\"dateModified\":\"2024-05-27T15:38:37+00:00\",\"breadcrumb\":{\"@id\":\"https:\\\/\\\/peace-gmbh.com\\\/ueber\\\/#breadcrumb\"},\"inLanguage\":\"en-US\",\"potentialAction\":[{\"@type\":\"ReadAction\",\"target\":[\"https:\\\/\\\/peace-gmbh.com\\\/ueber\\\/\"]}]},{\"@type\":\"BreadcrumbList\",\"@id\":\"https:\\\/\\\/peace-gmbh.com\\\/ueber\\\/#breadcrumb\",\"itemListElement\":[{\"@type\":\"ListItem\",\"position\":1,\"name\":\"Startseite\",\"item\":\"https:\\\/\\\/peace-gmbh.com\\\/\"},{\"@type\":\"ListItem\",\"position\":2,\"name\":\"\u00dcber uns\"}]},{\"@type\":\"WebSite\",\"@id\":\"https:\\\/\\\/peace-gmbh.com\\\/#website\",\"url\":\"https:\\\/\\\/peace-gmbh.com\\\/\",\"name\":\"P.E.A.C.E. GmbH\",\"description\":\"Precision Engineered Arms and Clever Equipment\",\"publisher\":{\"@id\":\"https:\\\/\\\/peace-gmbh.com\\\/#organization\"},\"alternateName\":\"Precision Engineered Arms and Clever Equipment\",\"potentialAction\":[{\"@type\":\"SearchAction\",\"target\":{\"@type\":\"EntryPoint\",\"urlTemplate\":\"https:\\\/\\\/peace-gmbh.com\\\/?s={search_term_string}\"},\"query-input\":{\"@type\":\"PropertyValueSpecification\",\"valueRequired\":true,\"valueName\":\"search_term_string\"}}],\"inLanguage\":\"en-US\"},{\"@type\":\"Organization\",\"@id\":\"https:\\\/\\\/peace-gmbh.com\\\/#organization\",\"name\":\"P.E.A.C.E. GmbH\",\"url\":\"https:\\\/\\\/peace-gmbh.com\\\/\",\"logo\":{\"@type\":\"ImageObject\",\"inLanguage\":\"en-US\",\"@id\":\"https:\\\/\\\/peace-gmbh.com\\\/#\\\/schema\\\/logo\\\/image\\\/\",\"url\":\"https:\\\/\\\/peace-gmbh.com\\\/wp-content\\\/uploads\\\/2023\\\/07\\\/Logo.png\",\"contentUrl\":\"https:\\\/\\\/peace-gmbh.com\\\/wp-content\\\/uploads\\\/2023\\\/07\\\/Logo.png\",\"width\":1412,\"height\":470,\"caption\":\"P.E.A.C.E. GmbH\"},\"image\":{\"@id\":\"https:\\\/\\\/peace-gmbh.com\\\/#\\\/schema\\\/logo\\\/image\\\/\"}}]}<\/script>\n<!-- \/ Yoast SEO plugin. -->","yoast_head_json":{"title":"\u00dcber uns - P. E. A. C. E. GmbH","robots":{"index":"index","follow":"follow","max-snippet":"max-snippet:-1","max-image-preview":"max-image-preview:large","max-video-preview":"max-video-preview:-1"},"canonical":"https:\/\/peace-gmbh.com\/en\/ueber\/","og_locale":"en_US","og_type":"article","og_title":"\u00dcber uns - P. E. A. C. E. GmbH","og_description":"Leitbild Die P.E.A.C.E. GmbH wurde 2023 mit dem Ziel gegr\u00fcndet, h\u00f6chst qualitative Waffen und funktionelles Zubeh\u00f6r f\u00fcr versierte Anwender anzubieten. Unsere gro\u00dfe Leidenschaft f\u00fcr die Jagd und das Sportschie\u00dfen dirigiert die Entwicklung unserer Produkte. All unsere Ideen und Produkte entspringen der Praxis und garantieren absolute Einsatztauglichkeit im Einklang mit ansprechendem Design. Durch unsere langj\u00e4hrige internationale&hellip;&nbsp;Read More &raquo;\u00dcber uns","og_url":"https:\/\/peace-gmbh.com\/en\/ueber\/","og_site_name":"P. E. A. C. E. GmbH","article_modified_time":"2024-05-27T15:38:37+00:00","twitter_card":"summary_large_image","twitter_misc":{"Est. reading time":"1 minute"},"schema":{"@context":"https:\/\/schema.org","@graph":[{"@type":"WebPage","@id":"https:\/\/peace-gmbh.com\/ueber\/","url":"https:\/\/peace-gmbh.com\/ueber\/","name":"\u00dcber uns - P. E. A. C. E. GmbH","isPartOf":{"@id":"https:\/\/peace-gmbh.com\/#website"},"datePublished":"2023-07-28T10:49:47+00:00","dateModified":"2024-05-27T15:38:37+00:00","breadcrumb":{"@id":"https:\/\/peace-gmbh.com\/ueber\/#breadcrumb"},"inLanguage":"en-US","potentialAction":[{"@type":"ReadAction","target":["https:\/\/peace-gmbh.com\/ueber\/"]}]},{"@type":"BreadcrumbList","@id":"https:\/\/peace-gmbh.com\/ueber\/#breadcrumb","itemListElement":[{"@type":"ListItem","position":1,"name":"Startseite","item":"https:\/\/peace-gmbh.com\/"},{"@type":"ListItem","position":2,"name":"\u00dcber uns"}]},{"@type":"WebSite","@id":"https:\/\/peace-gmbh.com\/#website","url":"https:\/\/peace-gmbh.com\/","name":"P.E.A.C.E. GmbH","description":"Precision Engineered Arms and Clever Equipment","publisher":{"@id":"https:\/\/peace-gmbh.com\/#organization"},"alternateName":"Precision Engineered Arms and Clever Equipment","potentialAction":[{"@type":"SearchAction","target":{"@type":"EntryPoint","urlTemplate":"https:\/\/peace-gmbh.com\/?s={search_term_string}"},"query-input":{"@type":"PropertyValueSpecification","valueRequired":true,"valueName":"search_term_string"}}],"inLanguage":"en-US"},{"@type":"Organization","@id":"https:\/\/peace-gmbh.com\/#organization","name":"P.E.A.C.E. GmbH","url":"https:\/\/peace-gmbh.com\/","logo":{"@type":"ImageObject","inLanguage":"en-US","@id":"https:\/\/peace-gmbh.com\/#\/schema\/logo\/image\/","url":"https:\/\/peace-gmbh.com\/wp-content\/uploads\/2023\/07\/Logo.png","contentUrl":"https:\/\/peace-gmbh.com\/wp-content\/uploads\/2023\/07\/Logo.png","width":1412,"height":470,"caption":"P.E.A.C.E. GmbH"},"image":{"@id":"https:\/\/peace-gmbh.com\/#\/schema\/logo\/image\/"}}]}},"_links":{"self":[{"href":"https:\/\/peace-gmbh.com\/en\/wp-json\/wp\/v2\/pages\/7","targetHints":{"allow":["GET"]}}],"collection":[{"href":"https:\/\/peace-gmbh.com\/en\/wp-json\/wp\/v2\/pages"}],"about":[{"href":"https:\/\/peace-gmbh.com\/en\/wp-json\/wp\/v2\/types\/page"}],"author":[{"embeddable":true,"href":"https:\/\/peace-gmbh.com\/en\/wp-json\/wp\/v2\/users\/1"}],"replies":[{"embeddable":true,"href":"https:\/\/peace-gmbh.com\/en\/wp-json\/wp\/v2\/comments?post=7"}],"version-history":[{"count":103,"href":"https:\/\/peace-gmbh.com\/en\/wp-json\/wp\/v2\/pages\/7\/revisions"}],"predecessor-version":[{"id":1486,"href":"https:\/\/peace-gmbh.com\/en\/wp-json\/wp\/v2\/pages\/7\/revisions\/1486"}],"wp:attachment":[{"href":"https:\/\/peace-gmbh.com\/en\/wp-json\/wp\/v2\/media?parent=7"}],"curies":[{"name":"wp","href":"https:\/\/api.w.org\/{rel}","templated":true}]}}