{"id":3,"date":"2023-07-28T12:25:33","date_gmt":"2023-07-28T10:25:33","guid":{"rendered":"https:\/\/peace-gmbh.com\/?page_id=3"},"modified":"2024-05-26T22:06:57","modified_gmt":"2024-05-26T20:06:57","slug":"impressum-datenschutz","status":"publish","type":"page","link":"https:\/\/peace-gmbh.com\/en\/impressum-datenschutz\/","title":{"rendered":"Impressum"},"content":{"rendered":"\t\t<div data-elementor-type=\"wp-page\" data-elementor-id=\"3\" class=\"elementor elementor-3\">\n\t\t\t\t\t\t<section class=\"elementor-section elementor-top-section elementor-element elementor-element-843b0c4 elementor-section-boxed elementor-section-height-default elementor-section-height-default\" data-id=\"843b0c4\" data-element_type=\"section\" data-e-type=\"section\" data-settings=\"{&quot;background_background&quot;:&quot;slideshow&quot;,&quot;background_slideshow_gallery&quot;:[{&quot;id&quot;:960,&quot;url&quot;:&quot;https:\\\/\\\/peace-gmbh.com\\\/wp-content\\\/uploads\\\/2024\\\/05\\\/Impressum-1.jpg&quot;}],&quot;background_slideshow_loop&quot;:&quot;yes&quot;,&quot;background_slideshow_slide_duration&quot;:5000,&quot;background_slideshow_slide_transition&quot;:&quot;fade&quot;,&quot;background_slideshow_transition_duration&quot;:500}\">\n\t\t\t\t\t\t<div class=\"elementor-container elementor-column-gap-default\">\n\t\t\t\t\t<div class=\"elementor-column elementor-col-100 elementor-top-column elementor-element elementor-element-b95c564\" data-id=\"b95c564\" data-element_type=\"column\" data-e-type=\"column\">\n\t\t\t<div class=\"elementor-widget-wrap elementor-element-populated\">\n\t\t\t\t\t\t<div class=\"elementor-element elementor-element-7c4592e elementor-widget elementor-widget-spacer\" data-id=\"7c4592e\" data-element_type=\"widget\" data-e-type=\"widget\" data-widget_type=\"spacer.default\">\n\t\t\t\t<div class=\"elementor-widget-container\">\n\t\t\t\t\t\t\t<div class=\"elementor-spacer\">\n\t\t\t<div class=\"elementor-spacer-inner\"><\/div>\n\t\t<\/div>\n\t\t\t\t\t\t<\/div>\n\t\t\t\t<\/div>\n\t\t\t\t\t<\/div>\n\t\t<\/div>\n\t\t\t\t\t<\/div>\n\t\t<\/section>\n\t\t\t\t<section class=\"elementor-section elementor-top-section elementor-element elementor-element-5fb68cf2 elementor-section-boxed elementor-section-height-default elementor-section-height-default\" data-id=\"5fb68cf2\" data-element_type=\"section\" data-e-type=\"section\">\n\t\t\t\t\t\t<div class=\"elementor-container elementor-column-gap-custom\">\n\t\t\t\t\t<div class=\"elementor-column elementor-col-100 elementor-top-column elementor-element elementor-element-114cd67d\" data-id=\"114cd67d\" data-element_type=\"column\" data-e-type=\"column\">\n\t\t\t<div class=\"elementor-widget-wrap elementor-element-populated\">\n\t\t\t\t\t\t<div class=\"elementor-element elementor-element-c6b32c4 elementor-widget elementor-widget-spacer\" data-id=\"c6b32c4\" data-element_type=\"widget\" data-e-type=\"widget\" data-widget_type=\"spacer.default\">\n\t\t\t\t<div class=\"elementor-widget-container\">\n\t\t\t\t\t\t\t<div class=\"elementor-spacer\">\n\t\t\t<div class=\"elementor-spacer-inner\"><\/div>\n\t\t<\/div>\n\t\t\t\t\t\t<\/div>\n\t\t\t\t<\/div>\n\t\t\t\t<div class=\"elementor-element elementor-element-04c97fb elementor-widget elementor-widget-heading\" data-id=\"04c97fb\" data-element_type=\"widget\" data-e-type=\"widget\" data-widget_type=\"heading.default\">\n\t\t\t\t<div class=\"elementor-widget-container\">\n\t\t\t\t\t<h2 class=\"elementor-heading-title elementor-size-default\">Impressum<\/h2>\t\t\t\t<\/div>\n\t\t\t\t<\/div>\n\t\t\t\t<div class=\"elementor-element elementor-element-230cf2b elementor-widget elementor-widget-spacer\" data-id=\"230cf2b\" data-element_type=\"widget\" data-e-type=\"widget\" data-widget_type=\"spacer.default\">\n\t\t\t\t<div class=\"elementor-widget-container\">\n\t\t\t\t\t\t\t<div class=\"elementor-spacer\">\n\t\t\t<div class=\"elementor-spacer-inner\"><\/div>\n\t\t<\/div>\n\t\t\t\t\t\t<\/div>\n\t\t\t\t<\/div>\n\t\t\t\t<div class=\"elementor-element elementor-element-f991955 elementor-widget elementor-widget-text-editor\" data-id=\"f991955\" data-element_type=\"widget\" data-e-type=\"widget\" data-widget_type=\"text-editor.default\">\n\t\t\t\t<div class=\"elementor-widget-container\">\n\t\t\t\t\t\t\t\t\t<h3>P.E.A.C.E.<strong> GmbH<br \/><\/strong><\/h3><p><strong>Waffenerzeugung<\/strong><\/p><p><strong>Firma:<\/strong> P.E.A.C.E. GmbH<br \/><strong>Firmensitz:<\/strong> Pyhrnstra\u00dfe 16, 4553 Schlierbach, Austria<\/p><p><strong>Tel:<\/strong> <a href=\"tel:+43758261761611\">+43 7582 617 616 11<\/a><br \/><strong>E-Mail:<\/strong> <a href=\"mailto:info@peace-gmbh.com\">info@peace-gmbh.com<\/a><br \/><strong>Web:<\/strong> <a href=\"http:\/\/www.peace-gmbh.com\">www.peace-gmbh.com<\/a><\/p><p><strong>UID-Nr:\u00a0<\/strong>ATU79785118<br \/><strong>Firmenbuchnummer:<\/strong> 610232a<br \/><strong>Firmenbuchgericht:<\/strong> Landesgericht Steyr<\/p><p><strong>Gesch\u00e4ftsf\u00fchrung:<\/strong> Ing. Jakob Eckmayr<\/p><p><strong>Gewerbebeh\u00f6rde:<\/strong> Bezirkshauptmannschaft Kirchdorf and der Krems<\/p><p>Alle Gewerbe- und berufsrechtlichen Vorschriften finden Sie unter www.ris.bka.gv.at<\/p><p>Verbraucher haben die M\u00f6glichkeit, Beschwerden an die OnlineStreitbeilegungsplattform der EU zu richten: http:\/\/ec.europa.eu\/odr. Sie k\u00f6nnen allf\u00e4llige Beschwerde auch an die oben angegebene E-Mail-Adresse richten.<\/p><p><strong>Verantwortlich f\u00fcr den Inhalt:<\/strong> P.E.A.C.E. GmbH<\/p><p><!-- \/wp:paragraph --><\/p>\t\t\t\t\t\t\t\t<\/div>\n\t\t\t\t<\/div>\n\t\t\t\t<div class=\"elementor-element elementor-element-9d23e37 elementor-widget elementor-widget-spacer\" data-id=\"9d23e37\" data-element_type=\"widget\" data-e-type=\"widget\" data-widget_type=\"spacer.default\">\n\t\t\t\t<div class=\"elementor-widget-container\">\n\t\t\t\t\t\t\t<div class=\"elementor-spacer\">\n\t\t\t<div class=\"elementor-spacer-inner\"><\/div>\n\t\t<\/div>\n\t\t\t\t\t\t<\/div>\n\t\t\t\t<\/div>\n\t\t\t\t\t<\/div>\n\t\t<\/div>\n\t\t\t\t\t<\/div>\n\t\t<\/section>\n\t\t\t\t<\/div>\n\t\t","protected":false},"excerpt":{"rendered":"<p>Impressum P.E.A.C.E. GmbH Waffenerzeugung Firma: P.E.A.C.E. GmbHFirmensitz: Pyhrnstra\u00dfe 16, 4553 Schlierbach, Austria Tel: +43 7582 617 616 11E-Mail: info@peace-gmbh.comWeb: www.peace-gmbh.com UID-Nr:\u00a0ATU79785118Firmenbuchnummer: 610232aFirmenbuchgericht: Landesgericht Steyr Gesch\u00e4ftsf\u00fchrung: Ing. Jakob Eckmayr Gewerbebeh\u00f6rde: Bezirkshauptmannschaft Kirchdorf and der Krems Alle Gewerbe- und berufsrechtlichen Vorschriften finden Sie unter www.ris.bka.gv.at Verbraucher haben die M\u00f6glichkeit, Beschwerden an die OnlineStreitbeilegungsplattform der EU zu richten:&hellip;&nbsp;<a href=\"https:\/\/peace-gmbh.com\/en\/impressum-datenschutz\/\" rel=\"bookmark\">Read More &raquo;<span class=\"screen-reader-text\">Impressum<\/span><\/a><\/p>","protected":false},"author":1,"featured_media":0,"parent":0,"menu_order":0,"comment_status":"closed","ping_status":"closed","template":"","meta":{"neve_meta_sidebar":"","neve_meta_container":"","neve_meta_enable_content_width":"","neve_meta_content_width":0,"neve_meta_title_alignment":"","neve_meta_author_avatar":"","neve_post_elements_order":"","neve_meta_disable_header":"","neve_meta_disable_footer":"","neve_meta_disable_title":"","neve_meta_reading_time":"","footnotes":""},"class_list":["post-3","page","type-page","status-publish","hentry"],"yoast_head":"<!-- This site is optimized with the Yoast SEO plugin v27.4 - https:\/\/yoast.com\/product\/yoast-seo-wordpress\/ -->\n<title>Impressum - P. E. A. C. E. GmbH<\/title>\n<meta name=\"robots\" content=\"index, follow, max-snippet:-1, max-image-preview:large, max-video-preview:-1\" \/>\n<link rel=\"canonical\" href=\"https:\/\/peace-gmbh.com\/en\/impressum-datenschutz\/\" \/>\n<meta property=\"og:locale\" content=\"en_US\" \/>\n<meta property=\"og:type\" content=\"article\" \/>\n<meta property=\"og:title\" content=\"Impressum - P. E. A. C. E. GmbH\" \/>\n<meta property=\"og:description\" content=\"Impressum P.E.A.C.E. GmbH Waffenerzeugung Firma: P.E.A.C.E. GmbHFirmensitz: Pyhrnstra\u00dfe 16, 4553 Schlierbach, Austria Tel: +43 7582 617 616 11E-Mail: info@peace-gmbh.comWeb: www.peace-gmbh.com UID-Nr:\u00a0ATU79785118Firmenbuchnummer: 610232aFirmenbuchgericht: Landesgericht Steyr Gesch\u00e4ftsf\u00fchrung: Ing. Jakob Eckmayr Gewerbebeh\u00f6rde: Bezirkshauptmannschaft Kirchdorf and der Krems Alle Gewerbe- und berufsrechtlichen Vorschriften finden Sie unter www.ris.bka.gv.at Verbraucher haben die M\u00f6glichkeit, Beschwerden an die OnlineStreitbeilegungsplattform der EU zu richten:&hellip;&nbsp;Read More &raquo;Impressum\" \/>\n<meta property=\"og:url\" content=\"https:\/\/peace-gmbh.com\/en\/impressum-datenschutz\/\" \/>\n<meta property=\"og:site_name\" content=\"P. E. A. C. E. GmbH\" \/>\n<meta property=\"article:modified_time\" content=\"2024-05-26T20:06:57+00:00\" \/>\n<meta name=\"twitter:card\" content=\"summary_large_image\" \/>\n<meta name=\"twitter:label1\" content=\"Est. reading time\" \/>\n\t<meta name=\"twitter:data1\" content=\"1 minute\" \/>\n<script type=\"application\/ld+json\" class=\"yoast-schema-graph\">{\"@context\":\"https:\\\/\\\/schema.org\",\"@graph\":[{\"@type\":\"WebPage\",\"@id\":\"https:\\\/\\\/peace-gmbh.com\\\/impressum-datenschutz\\\/\",\"url\":\"https:\\\/\\\/peace-gmbh.com\\\/impressum-datenschutz\\\/\",\"name\":\"Impressum - P. E. A. C. E. GmbH\",\"isPartOf\":{\"@id\":\"https:\\\/\\\/peace-gmbh.com\\\/#website\"},\"datePublished\":\"2023-07-28T10:25:33+00:00\",\"dateModified\":\"2024-05-26T20:06:57+00:00\",\"breadcrumb\":{\"@id\":\"https:\\\/\\\/peace-gmbh.com\\\/impressum-datenschutz\\\/#breadcrumb\"},\"inLanguage\":\"en-US\",\"potentialAction\":[{\"@type\":\"ReadAction\",\"target\":[\"https:\\\/\\\/peace-gmbh.com\\\/impressum-datenschutz\\\/\"]}]},{\"@type\":\"BreadcrumbList\",\"@id\":\"https:\\\/\\\/peace-gmbh.com\\\/impressum-datenschutz\\\/#breadcrumb\",\"itemListElement\":[{\"@type\":\"ListItem\",\"position\":1,\"name\":\"Startseite\",\"item\":\"https:\\\/\\\/peace-gmbh.com\\\/\"},{\"@type\":\"ListItem\",\"position\":2,\"name\":\"Impressum\"}]},{\"@type\":\"WebSite\",\"@id\":\"https:\\\/\\\/peace-gmbh.com\\\/#website\",\"url\":\"https:\\\/\\\/peace-gmbh.com\\\/\",\"name\":\"P.E.A.C.E. GmbH\",\"description\":\"Precision Engineered Arms and Clever Equipment\",\"publisher\":{\"@id\":\"https:\\\/\\\/peace-gmbh.com\\\/#organization\"},\"alternateName\":\"Precision Engineered Arms and Clever Equipment\",\"potentialAction\":[{\"@type\":\"SearchAction\",\"target\":{\"@type\":\"EntryPoint\",\"urlTemplate\":\"https:\\\/\\\/peace-gmbh.com\\\/?s={search_term_string}\"},\"query-input\":{\"@type\":\"PropertyValueSpecification\",\"valueRequired\":true,\"valueName\":\"search_term_string\"}}],\"inLanguage\":\"en-US\"},{\"@type\":\"Organization\",\"@id\":\"https:\\\/\\\/peace-gmbh.com\\\/#organization\",\"name\":\"P.E.A.C.E. GmbH\",\"url\":\"https:\\\/\\\/peace-gmbh.com\\\/\",\"logo\":{\"@type\":\"ImageObject\",\"inLanguage\":\"en-US\",\"@id\":\"https:\\\/\\\/peace-gmbh.com\\\/#\\\/schema\\\/logo\\\/image\\\/\",\"url\":\"https:\\\/\\\/peace-gmbh.com\\\/wp-content\\\/uploads\\\/2023\\\/07\\\/Logo.png\",\"contentUrl\":\"https:\\\/\\\/peace-gmbh.com\\\/wp-content\\\/uploads\\\/2023\\\/07\\\/Logo.png\",\"width\":1412,\"height\":470,\"caption\":\"P.E.A.C.E. GmbH\"},\"image\":{\"@id\":\"https:\\\/\\\/peace-gmbh.com\\\/#\\\/schema\\\/logo\\\/image\\\/\"}}]}<\/script>\n<!-- \/ Yoast SEO plugin. -->","yoast_head_json":{"title":"Impressum - P. E. A. C. E. GmbH","robots":{"index":"index","follow":"follow","max-snippet":"max-snippet:-1","max-image-preview":"max-image-preview:large","max-video-preview":"max-video-preview:-1"},"canonical":"https:\/\/peace-gmbh.com\/en\/impressum-datenschutz\/","og_locale":"en_US","og_type":"article","og_title":"Impressum - P. E. A. C. E. GmbH","og_description":"Impressum P.E.A.C.E. GmbH Waffenerzeugung Firma: P.E.A.C.E. GmbHFirmensitz: Pyhrnstra\u00dfe 16, 4553 Schlierbach, Austria Tel: +43 7582 617 616 11E-Mail: info@peace-gmbh.comWeb: www.peace-gmbh.com UID-Nr:\u00a0ATU79785118Firmenbuchnummer: 610232aFirmenbuchgericht: Landesgericht Steyr Gesch\u00e4ftsf\u00fchrung: Ing. Jakob Eckmayr Gewerbebeh\u00f6rde: Bezirkshauptmannschaft Kirchdorf and der Krems Alle Gewerbe- und berufsrechtlichen Vorschriften finden Sie unter www.ris.bka.gv.at Verbraucher haben die M\u00f6glichkeit, Beschwerden an die OnlineStreitbeilegungsplattform der EU zu richten:&hellip;&nbsp;Read More &raquo;Impressum","og_url":"https:\/\/peace-gmbh.com\/en\/impressum-datenschutz\/","og_site_name":"P. E. A. C. E. GmbH","article_modified_time":"2024-05-26T20:06:57+00:00","twitter_card":"summary_large_image","twitter_misc":{"Est. reading time":"1 minute"},"schema":{"@context":"https:\/\/schema.org","@graph":[{"@type":"WebPage","@id":"https:\/\/peace-gmbh.com\/impressum-datenschutz\/","url":"https:\/\/peace-gmbh.com\/impressum-datenschutz\/","name":"Impressum - P. E. A. C. E. GmbH","isPartOf":{"@id":"https:\/\/peace-gmbh.com\/#website"},"datePublished":"2023-07-28T10:25:33+00:00","dateModified":"2024-05-26T20:06:57+00:00","breadcrumb":{"@id":"https:\/\/peace-gmbh.com\/impressum-datenschutz\/#breadcrumb"},"inLanguage":"en-US","potentialAction":[{"@type":"ReadAction","target":["https:\/\/peace-gmbh.com\/impressum-datenschutz\/"]}]},{"@type":"BreadcrumbList","@id":"https:\/\/peace-gmbh.com\/impressum-datenschutz\/#breadcrumb","itemListElement":[{"@type":"ListItem","position":1,"name":"Startseite","item":"https:\/\/peace-gmbh.com\/"},{"@type":"ListItem","position":2,"name":"Impressum"}]},{"@type":"WebSite","@id":"https:\/\/peace-gmbh.com\/#website","url":"https:\/\/peace-gmbh.com\/","name":"P.E.A.C.E. GmbH","description":"Precision Engineered Arms and Clever Equipment","publisher":{"@id":"https:\/\/peace-gmbh.com\/#organization"},"alternateName":"Precision Engineered Arms and Clever Equipment","potentialAction":[{"@type":"SearchAction","target":{"@type":"EntryPoint","urlTemplate":"https:\/\/peace-gmbh.com\/?s={search_term_string}"},"query-input":{"@type":"PropertyValueSpecification","valueRequired":true,"valueName":"search_term_string"}}],"inLanguage":"en-US"},{"@type":"Organization","@id":"https:\/\/peace-gmbh.com\/#organization","name":"P.E.A.C.E. GmbH","url":"https:\/\/peace-gmbh.com\/","logo":{"@type":"ImageObject","inLanguage":"en-US","@id":"https:\/\/peace-gmbh.com\/#\/schema\/logo\/image\/","url":"https:\/\/peace-gmbh.com\/wp-content\/uploads\/2023\/07\/Logo.png","contentUrl":"https:\/\/peace-gmbh.com\/wp-content\/uploads\/2023\/07\/Logo.png","width":1412,"height":470,"caption":"P.E.A.C.E. GmbH"},"image":{"@id":"https:\/\/peace-gmbh.com\/#\/schema\/logo\/image\/"}}]}},"_links":{"self":[{"href":"https:\/\/peace-gmbh.com\/en\/wp-json\/wp\/v2\/pages\/3","targetHints":{"allow":["GET"]}}],"collection":[{"href":"https:\/\/peace-gmbh.com\/en\/wp-json\/wp\/v2\/pages"}],"about":[{"href":"https:\/\/peace-gmbh.com\/en\/wp-json\/wp\/v2\/types\/page"}],"author":[{"embeddable":true,"href":"https:\/\/peace-gmbh.com\/en\/wp-json\/wp\/v2\/users\/1"}],"replies":[{"embeddable":true,"href":"https:\/\/peace-gmbh.com\/en\/wp-json\/wp\/v2\/comments?post=3"}],"version-history":[{"count":93,"href":"https:\/\/peace-gmbh.com\/en\/wp-json\/wp\/v2\/pages\/3\/revisions"}],"predecessor-version":[{"id":1485,"href":"https:\/\/peace-gmbh.com\/en\/wp-json\/wp\/v2\/pages\/3\/revisions\/1485"}],"wp:attachment":[{"href":"https:\/\/peace-gmbh.com\/en\/wp-json\/wp\/v2\/media?parent=3"}],"curies":[{"name":"wp","href":"https:\/\/api.w.org\/{rel}","templated":true}]}}